{"id":35,"date":"2013-01-28T21:46:24","date_gmt":"2013-01-28T20:46:24","guid":{"rendered":"http:\/\/xn--vgaflyga-9za.se\/?page_id=35"},"modified":"2020-09-09T20:49:23","modified_gmt":"2020-09-09T19:49:23","slug":"forelasningen","status":"publish","type":"page","link":"https:\/\/xn--vgaflyga-9za.se\/?page_id=35","title":{"rendered":"F\u00f6rel\u00e4sningen"},"content":{"rendered":"<h1>V\u00e5ga flyga &#8211; inspiration till entrepren\u00f6rskap<\/h1>\n<p>H\u00e4r f\u00f6rklarar vi genom praktiska exempel ur v\u00e5r vardag som luftakrobater, f\u00f6rfattare och fastighets\u00e4gare vad entrepren\u00f6rskap har inneburit f\u00f6r oss och vilka byggstenar som har hj\u00e4lpt oss att skapa v\u00e5rt kreativa liv. Denna f\u00f6rel\u00e4sning \u00e4r l\u00e4mplig f\u00f6r h\u00f6gstadiet, gymnasiet och eftergymnasiala utbildningar.<\/p>\n<h1>Koncept<\/h1>\n<p>Hur \u00e4r det att leva och arbeta som entrepren\u00f6r? Hur skapar man en h\u00e5llbar aff\u00e4rsid\u00e9 av sina dr\u00f6mmar? L\u00e5t oss inspirera era elever med v\u00e5r story och visa hur entrepren\u00f6rskap kan till\u00e4mpas i verkligheten.<\/p>\n<p>Vi har v\u00e5gat ta chanser och risker, vi har v\u00e4xt genom m\u00f6ten, vi har sett m\u00f6jligheter och f\u00f6rverkligat dem. Vi har l\u00e4rt oss genom att prova, misslyckas och f\u00f6rs\u00f6ka igen. Denna resa kommer vi forts\u00e4tta livet ut d\u00e4rf\u00f6r vi \u00e4lskar att jobba med kreativitet, innovation och f\u00f6retagande.<\/p>\n<p><a href=\"http:\/\/xn--vgaflyga-9za.se\/wp-content\/uploads\/2013\/01\/Front-300-bild-4.jpg\"><img decoding=\"async\" loading=\"lazy\" class=\"alignnone size-full wp-image-48\" src=\"http:\/\/xn--vgaflyga-9za.se\/wp-content\/uploads\/2013\/01\/Front-300-bild-4.jpg\" alt=\"Front-300-bild-4\" width=\"568\" height=\"287\" srcset=\"https:\/\/xn--vgaflyga-9za.se\/wp-content\/uploads\/2013\/01\/Front-300-bild-4.jpg 568w, https:\/\/xn--vgaflyga-9za.se\/wp-content\/uploads\/2013\/01\/Front-300-bild-4-300x151.jpg 300w, https:\/\/xn--vgaflyga-9za.se\/wp-content\/uploads\/2013\/01\/Front-300-bild-4-500x252.jpg 500w\" sizes=\"(max-width: 568px) 100vw, 568px\" \/><\/a><\/p>\n<p><iframe loading=\"lazy\" width=\"584\" height=\"329\" src=\"https:\/\/www.youtube.com\/embed\/g0H5n3w986Y?feature=oembed\" frameborder=\"0\" allow=\"accelerometer; autoplay; encrypted-media; gyroscope; picture-in-picture\" allowfullscreen><\/iframe><\/p>\n<p><em>Ett av v\u00e5ra favorit nummer \ud83d\ude42\u00a0<\/em><\/p>\n","protected":false},"excerpt":{"rendered":"<p>V\u00e5ga flyga &#8211; inspiration till entrepren\u00f6rskap H\u00e4r f\u00f6rklarar vi genom praktiska exempel ur v\u00e5r vardag som luftakrobater, f\u00f6rfattare och fastighets\u00e4gare vad entrepren\u00f6rskap har inneburit f\u00f6r oss och vilka byggstenar som har hj\u00e4lpt oss att skapa v\u00e5rt kreativa liv. Denna f\u00f6rel\u00e4sning &hellip; <a href=\"https:\/\/xn--vgaflyga-9za.se\/?page_id=35\">Continue reading <span class=\"meta-nav\">&rarr;<\/span><\/a><\/p>\n","protected":false},"author":1,"featured_media":0,"parent":0,"menu_order":0,"comment_status":"closed","ping_status":"closed","template":"","meta":[],"yoast_head":"<!-- This site is optimized with the Yoast SEO plugin v19.10 - https:\/\/yoast.com\/wordpress\/plugins\/seo\/ -->\n<title>F\u00f6rel\u00e4sningen - V\u00e5ga Flyga!<\/title>\n<meta name=\"robots\" content=\"index, follow, max-snippet:-1, max-image-preview:large, max-video-preview:-1\" \/>\n<link rel=\"canonical\" href=\"https:\/\/xn--vgaflyga-9za.se\/?page_id=35\" \/>\n<meta property=\"og:locale\" content=\"en_US\" \/>\n<meta property=\"og:type\" content=\"article\" \/>\n<meta property=\"og:title\" content=\"F\u00f6rel\u00e4sningen - V\u00e5ga Flyga!\" \/>\n<meta property=\"og:description\" content=\"V\u00e5ga flyga &#8211; inspiration till entrepren\u00f6rskap H\u00e4r f\u00f6rklarar vi genom praktiska exempel ur v\u00e5r vardag som luftakrobater, f\u00f6rfattare och fastighets\u00e4gare vad entrepren\u00f6rskap har inneburit f\u00f6r oss och vilka byggstenar som har hj\u00e4lpt oss att skapa v\u00e5rt kreativa liv. Denna f\u00f6rel\u00e4sning &hellip; Continue reading &rarr;\" \/>\n<meta property=\"og:url\" content=\"https:\/\/xn--vgaflyga-9za.se\/?page_id=35\" \/>\n<meta property=\"og:site_name\" content=\"V\u00e5ga Flyga!\" \/>\n<meta property=\"article:modified_time\" content=\"2020-09-09T19:49:23+00:00\" \/>\n<meta property=\"og:image\" content=\"http:\/\/xn--vgaflyga-9za.se\/wp-content\/uploads\/2013\/01\/Front-300-bild-4.jpg\" \/>\n<meta name=\"twitter:label1\" content=\"Est. reading time\" \/>\n\t<meta name=\"twitter:data1\" content=\"1 minute\" \/>\n<script type=\"application\/ld+json\" class=\"yoast-schema-graph\">{\"@context\":\"https:\/\/schema.org\",\"@graph\":[{\"@type\":\"WebPage\",\"@id\":\"https:\/\/xn--vgaflyga-9za.se\/?page_id=35\",\"url\":\"https:\/\/xn--vgaflyga-9za.se\/?page_id=35\",\"name\":\"F\u00f6rel\u00e4sningen - V\u00e5ga Flyga!\",\"isPartOf\":{\"@id\":\"https:\/\/xn--vgaflyga-9za.se\/#website\"},\"datePublished\":\"2013-01-28T20:46:24+00:00\",\"dateModified\":\"2020-09-09T19:49:23+00:00\",\"breadcrumb\":{\"@id\":\"https:\/\/xn--vgaflyga-9za.se\/?page_id=35#breadcrumb\"},\"inLanguage\":\"en-US\",\"potentialAction\":[{\"@type\":\"ReadAction\",\"target\":[\"https:\/\/xn--vgaflyga-9za.se\/?page_id=35\"]}]},{\"@type\":\"BreadcrumbList\",\"@id\":\"https:\/\/xn--vgaflyga-9za.se\/?page_id=35#breadcrumb\",\"itemListElement\":[{\"@type\":\"ListItem\",\"position\":1,\"name\":\"Home\",\"item\":\"https:\/\/xn--vgaflyga-9za.se\/\"},{\"@type\":\"ListItem\",\"position\":2,\"name\":\"F\u00f6rel\u00e4sningen\"}]},{\"@type\":\"WebSite\",\"@id\":\"https:\/\/xn--vgaflyga-9za.se\/#website\",\"url\":\"https:\/\/xn--vgaflyga-9za.se\/\",\"name\":\"V\u00e5ga Flyga!\",\"description\":\"En f\u00f6rel\u00e4sning om entrepren\u00f6rskap p\u00e5 h\u00f6g niv\u00e5\",\"potentialAction\":[{\"@type\":\"SearchAction\",\"target\":{\"@type\":\"EntryPoint\",\"urlTemplate\":\"https:\/\/xn--vgaflyga-9za.se\/?s={search_term_string}\"},\"query-input\":\"required name=search_term_string\"}],\"inLanguage\":\"en-US\"}]}<\/script>\n<!-- \/ Yoast SEO plugin. -->","yoast_head_json":{"title":"F\u00f6rel\u00e4sningen - V\u00e5ga Flyga!","robots":{"index":"index","follow":"follow","max-snippet":"max-snippet:-1","max-image-preview":"max-image-preview:large","max-video-preview":"max-video-preview:-1"},"canonical":"https:\/\/xn--vgaflyga-9za.se\/?page_id=35","og_locale":"en_US","og_type":"article","og_title":"F\u00f6rel\u00e4sningen - V\u00e5ga Flyga!","og_description":"V\u00e5ga flyga &#8211; inspiration till entrepren\u00f6rskap H\u00e4r f\u00f6rklarar vi genom praktiska exempel ur v\u00e5r vardag som luftakrobater, f\u00f6rfattare och fastighets\u00e4gare vad entrepren\u00f6rskap har inneburit f\u00f6r oss och vilka byggstenar som har hj\u00e4lpt oss att skapa v\u00e5rt kreativa liv. Denna f\u00f6rel\u00e4sning &hellip; Continue reading &rarr;","og_url":"https:\/\/xn--vgaflyga-9za.se\/?page_id=35","og_site_name":"V\u00e5ga Flyga!","article_modified_time":"2020-09-09T19:49:23+00:00","og_image":[{"url":"http:\/\/xn--vgaflyga-9za.se\/wp-content\/uploads\/2013\/01\/Front-300-bild-4.jpg"}],"twitter_misc":{"Est. reading time":"1 minute"},"schema":{"@context":"https:\/\/schema.org","@graph":[{"@type":"WebPage","@id":"https:\/\/xn--vgaflyga-9za.se\/?page_id=35","url":"https:\/\/xn--vgaflyga-9za.se\/?page_id=35","name":"F\u00f6rel\u00e4sningen - V\u00e5ga Flyga!","isPartOf":{"@id":"https:\/\/xn--vgaflyga-9za.se\/#website"},"datePublished":"2013-01-28T20:46:24+00:00","dateModified":"2020-09-09T19:49:23+00:00","breadcrumb":{"@id":"https:\/\/xn--vgaflyga-9za.se\/?page_id=35#breadcrumb"},"inLanguage":"en-US","potentialAction":[{"@type":"ReadAction","target":["https:\/\/xn--vgaflyga-9za.se\/?page_id=35"]}]},{"@type":"BreadcrumbList","@id":"https:\/\/xn--vgaflyga-9za.se\/?page_id=35#breadcrumb","itemListElement":[{"@type":"ListItem","position":1,"name":"Home","item":"https:\/\/xn--vgaflyga-9za.se\/"},{"@type":"ListItem","position":2,"name":"F\u00f6rel\u00e4sningen"}]},{"@type":"WebSite","@id":"https:\/\/xn--vgaflyga-9za.se\/#website","url":"https:\/\/xn--vgaflyga-9za.se\/","name":"V\u00e5ga Flyga!","description":"En f\u00f6rel\u00e4sning om entrepren\u00f6rskap p\u00e5 h\u00f6g niv\u00e5","potentialAction":[{"@type":"SearchAction","target":{"@type":"EntryPoint","urlTemplate":"https:\/\/xn--vgaflyga-9za.se\/?s={search_term_string}"},"query-input":"required name=search_term_string"}],"inLanguage":"en-US"}]}},"_links":{"self":[{"href":"https:\/\/xn--vgaflyga-9za.se\/index.php?rest_route=\/wp\/v2\/pages\/35"}],"collection":[{"href":"https:\/\/xn--vgaflyga-9za.se\/index.php?rest_route=\/wp\/v2\/pages"}],"about":[{"href":"https:\/\/xn--vgaflyga-9za.se\/index.php?rest_route=\/wp\/v2\/types\/page"}],"author":[{"embeddable":true,"href":"https:\/\/xn--vgaflyga-9za.se\/index.php?rest_route=\/wp\/v2\/users\/1"}],"replies":[{"embeddable":true,"href":"https:\/\/xn--vgaflyga-9za.se\/index.php?rest_route=%2Fwp%2Fv2%2Fcomments&post=35"}],"version-history":[{"count":10,"href":"https:\/\/xn--vgaflyga-9za.se\/index.php?rest_route=\/wp\/v2\/pages\/35\/revisions"}],"predecessor-version":[{"id":119,"href":"https:\/\/xn--vgaflyga-9za.se\/index.php?rest_route=\/wp\/v2\/pages\/35\/revisions\/119"}],"wp:attachment":[{"href":"https:\/\/xn--vgaflyga-9za.se\/index.php?rest_route=%2Fwp%2Fv2%2Fmedia&parent=35"}],"curies":[{"name":"wp","href":"https:\/\/api.w.org\/{rel}","templated":true}]}}